{"id":103,"date":"2016-06-28T14:10:29","date_gmt":"2016-06-28T14:10:29","guid":{"rendered":"http:\/\/neuentwicklung.mhs-bayern.de\/en\/?page_id=103"},"modified":"2017-05-17T09:53:28","modified_gmt":"2017-05-17T09:53:28","slug":"privacy-policy","status":"publish","type":"page","link":"https:\/\/www.mhs-bayern.de\/en\/privacy-policy\/","title":{"rendered":"Privacy Policy"},"content":{"rendered":"<p>Der Schutz und die Sicherheit von pers\u00f6nlichen Daten hat bei uns h\u00f6chste Priorit\u00e4t. Daher halten wir, MHS Maschinenhandel S\u00fcd-Bayern GmbH, vertreten durch den Gesch\u00e4ftsf\u00fchrer Peter Schulte, Am Schwedenkreuz 7, 87534 Oberstaufen &#8211; Steibis, uns strikt an das Bundesdatenschutzgesetz (BDSG) sowie an das Telemediengesetz (TMG). Nachfolgend informieren wir Sie dar\u00fcber, welche Art von Daten erfasst und zu welchem Zweck sie erhoben werden:<\/p>\n<p><strong>1. Daten\u00fcbermittlung \/Datenprotokollierung<br \/>\n<\/strong>Beim Besuch dieser Seite verzeichnet der Web-Server automatisch Log-Files, die keiner bestimmten Person zugeordnet werden k\u00f6nnen. Diese Daten beinhalten z. B. den Browsertyp und -version, verwendetes Betriebssystem, Referrer URL (die zuvor besuchte Seite), IP-Adresse des anfragenden Rechners, Zugriffsdatum und -uhrzeit der Serveranfrage und die Dateianfrage des Client (Dateiname und URL). Diese Daten werden nur zum Zweck der statistischen Auswertung gesammelt. Eine Weitergabe an Dritte, zu kommerziellen oder nichtkommerziellen Zwecken, findet nicht statt.<\/p>\n<p><strong>2. Nutzung pers\u00f6nlicher Daten<br \/>\n<\/strong>Pers\u00f6nliche Daten werden nur erhoben oder verarbeitet, wenn Sie diese Angaben freiwillig, z.B. im Rahmen einer Anfrage mitteilen. Sofern keine erforderlichen Gr\u00fcnde im Zusammenhang mit einer Gesch\u00e4ftsabwicklung bestehen, kann der Kunde jederzeit die zuvor erteilte Genehmigung seiner pers\u00f6nlichen Datenspeicherung mit sofortiger Wirkung schriftlich (z.B. per E-Mail oder per Brief) widerrufen. Die Kundendaten werden nicht an Dritte weitergegeben, es sei denn, eine Weitergabe ist aufgrund gesetzlicher Vorschriften erforderlich oder notwendig, um die durch den Kunden veranlasste Bestellung abzuwickeln. <\/p>\n<p><strong>3. Sicherheit Ihrer Daten<\/strong><br \/>\nDie vom Kunden zur Verf\u00fcgung gestellten pers\u00f6nlichen Daten werden durch Ergreifung m\u00f6glichst vieler technischer sowie organisatorischer Sicherheitsma\u00dfnahmen so gesichert, dass sie f\u00fcr den Zugriff unberechtigter Dritter unzug\u00e4nglich sind. Bei Versendung von sehr sensiblen Daten oder Informationen ist es empfehlenswert, den Postweg zu nutzen, da eine vollst\u00e4ndige Datensicherheit per E-Mail nicht gew\u00e4hrleistet werden kann.<\/p>\n<p><strong>4. Auskunft, \u00c4nderung und L\u00f6schung Ihrer Daten<\/strong><br \/>\nGem\u00e4\u00df geltendem Recht kann der Internetseitenbesucher jederzeit beim Betreiber der Internetseite schriftlich (z.B. per E-Mail oder per Brief) nachfragen, ob und welche personenbezogenen Daten \u00fcber ihn gespeichert sind. Eine entsprechende Mitteilung hierzu ergeht umgehend. Sie haben einen Anspruch, dass die von Ihnen bei uns gespeicherten Daten gel\u00f6scht werden. Dazu reicht es aus, dass Sie uns eine entsprechende Mitteilung (postalisch oder per Email) zukommen lassen, in welcher Sie die L\u00f6schung fordern. Eine entsprechende L\u00f6schung ergeht sodann umgehend. Sie erhalten eine Best\u00e4tigung, sobald die L\u00f6schung erfolgt ist.<\/p>\n<p><strong>5. Hinweis zu Google Analytics<\/strong><br \/>\nDiese Internetseite benutzt Google Analytics, einen Webanalysedienst der Google Inc. (\u201eGoogle\u201c).\u00a0 Google Analytics verwendet sog. \u201eCookies\u201c, d. h. Textdateien, die auf Ihrem Computer gespeichert werden und die eine Analyse der Benutzung der Internetseite durch Sie erm\u00f6glicht. Die durch den Cookie erzeugten Informationen \u00fcber Ihre Benutzung dieser Internetseite wird an einen Server von Google in den USA \u00fcbertragen und dort gespeichert. Ihr IP-Adresse wird von Google innerhalb von Mitgliedsstaaten der EU oder in Vertragsstaaten des Abkommens \u00fcber den Europ\u00e4ischen Wirtschaftsraum gek\u00fcrzt und anonymisiert an einen Server von Google in den USA \u00fcbertragen. In Ausnahmef\u00e4llen kann es jedoch dazu kommen, dass die gesamte IP-Adresse an einen Server von Google in den USA \u00fcbertragen und erst dort gek\u00fcrzt wird. Google wird diese Informationen benutzen, um die Nutzung der Internetseite durch den Kunden auszuwerten, um Reports \u00fcber die Websiteaktivit\u00e4ten f\u00fcr die Internetseitenbetreiber zusammenzustellen und um weitere mit der Seitennutzung und der Internetnutzung verbundene Dienstleistungen zu erbringen. Auch wird Google diese Informationen gegebenenfalls an Dritte \u00fcbertragen, sofern dies gesetzlich vorgeschrieben oder soweit Dritte diese Daten im Auftrag von Google verarbeiten. Google wird in keinem Fall die IP-Adresse des Kunden mit anderen Daten der Google Inc. in Verbindung bringen. Der Kunde kann die Installation der Cookies durch einen entsprechende Browser-Plugin verhindern (http:\/\/tools.google.com\/dlpage\/gaoptout?hl=de); es wird jedoch darauf hingewiesen, dass in diesem Fall gegebenenfalls nicht s\u00e4mtliche Funktionen dieser Internetseite voll umf\u00e4nglich genutzt werden k\u00f6nnen. Durch die Nutzung dieser Internetseite erkl\u00e4rt sich der Kunde mit der Bearbeitung der \u00fcber ihn erhobenen Daten durch Google in der zuvor beschriebenen Art und Weise und zu dem zuvor benannten Zweck einverstanden.<br \/>\nDes Weiteren verwendet diese Internetseite die Remarketing Technologie der Google Inc. Mit Hilfe dieser Anwendung werden Besucher dieser Internetseite durch zielgerichtete Werbeanzeigen auf Internetseiten des \u201eGoogle Partner Display-Netzwerkes\u201c erneut angesprochen. Diese Werbeeinblendung erfolgt durch das Setzen eines Cookies. Sollten Sie an derartiger Werbung kein Interesse haben, kann \u00fcber die Internetseite www.google.de\/settings\/ads\/onweb\/ die Verwendung solcher Cookies deaktiviert werden.<br \/>\nDar\u00fcber hinaus nutzt diese Internetseite die AdWords Conversiontracking Technologie der Google Inc. Mit Hilfe dieser Anwendung ist es m\u00f6glich, nachzuvollziehen, welche Kundenaktionen (beispielsweise Bestellung des Newsletters) nach dem Klick auf unsere Werbeanzeigen durchgef\u00fchrt werden. Die zum Zwecke der Datenerhebung gesetzten Cookies sind lediglich f\u00fcr eine begrenzte Zeit g\u00fcltig (\u201eSession-Cookies\u201c, siehe auch Nr. 6 dieser Erkl\u00e4rung). Es werden keine personenbezogenen Daten erhoben, so dass eine konkrete Zuordnung zu Kunden nicht m\u00f6glich ist. Die Erhebung der Daten erfolgt zu statistischen Zwecken.<br \/>\nAu\u00dferdem nutzt diese Internetseite die Google-Analytics-Berichte in Bezug auf demografische Merkmale in welchen Daten aus interessenbezogener Werbung der Google Inc. und Drittanbieter-Besucherdaten Verwendung finden. Die dabei eingehenden Daten werden anonymisiert erhoben und k\u00f6nnen keinem Kunden zugeordnet werden. Auch diese Funktion kann jederzeit bei der Anzeigeneinstellung deaktiviert werden.<\/p>\n<p><strong>6. Cookies<\/strong><br \/>\nAn einigen Stellen der Internetseite werden sog. &#8220;Session-Cookies&#8221; verwendet, um Ihnen die Nutzung der Internetseite zu erleichtern. Dabei handelt es sich um kleine Textdateien, die nur f\u00fcr die Dauer des Besuchs auf der Internetseite auf der Festplatte des Kunden hinterlegt und abh\u00e4ngig von der Einstellung des jeweiligen Browser-Programms beim Beenden des Browsers wieder gel\u00f6scht werden. Diese Cookies rufen keine auf der Festplatte des Kunden \u00fcber diesen gespeicherten Informationen ab und beeintr\u00e4chtigen nicht den PC oder die darauf gespeicherten Dateien. Die meisten Browser sind so eingestellt, dass sie Cookies automatisch akzeptieren. Das Speichern von Cookies kann jedoch deaktiviert werden oder der Browser so eingestellt, dass er auf die Sendung bzw. Erstellung von Cookies hinweist.<\/p>\n<p><strong>7. Newsletter<\/strong><br \/>\nSie haben auf unserer Internetseite die M\u00f6glichkeit, einen Newsletter zu abonnieren. Hierf\u00fcr m\u00fcssen lediglich die dort abgefragten Pflichtangaben eintragen werden. Nach dem Abschicken der Registrierungsanfrage wird automatisch eine E-Mail an die angegebene E-Mail-Adresse versandt, in welcher sich eine Verlinkung zu unserem Server befindet. Um sich endg\u00fcltig f\u00fcr unseren Newsletter zu registrieren, muss durch das \u00d6ffnen der Verlinkung best\u00e4tigt werden, dass der Kunde mit der Versendung unseres Newsletters einverstanden ist (sogenanntes Double Opt-In-Verfahren). Alle zur Registrierung abgefragten Daten werden gespeichert. Bez\u00fcglich deren Nutzung wird auf Punkt 2 dieser Erkl\u00e4rung verwiesen.<br \/>\nDer Newsletter verwendet eine Tracking-Funktion in der Gestalt, als dass protokolliert wird, ob der Newsletter durch die Kunden tats\u00e4chlich ge\u00f6ffnet wird. Dar\u00fcber hinaus werden die im Newsletter enthaltenen Links \u201egetrackt\u201c, also die von Kunden get\u00e4tigten Klicks darauf protokolliert. Die dabei eingehenden Daten dienen lediglich f\u00fcr statistische Zwecke. <\/p>\n<p><strong>8. Kontaktformular<\/strong><br \/>\n\u00dcber unser Kontaktformular k\u00f6nnen Sie uns Ihre Mitteilung schnell und bequem zusenden. Daf\u00fcr ist es notwendig, dass Sie die dort aufgef\u00fchrten pers\u00f6nlichen Daten in das Kontaktformular vollst\u00e4ndig eintragen und best\u00e4tigen, dass Sie die Datenschutzbestimmungen gelesen haben. Ihre pers\u00f6nlichen Daten werden sodann von uns gespeichert und entsprechend verarbeitet. Eine Weitergabe der Daten erfolgt nicht. Sie sind zu jeder Zeit berechtigt, die L\u00f6schung der von uns gespeicherten Daten zu fordern (vgl. Punkt 4).<\/p>\n<p><strong>9. \u00c4nderungen dieser Datenschutzbestimmungen<\/strong><br \/>\nDiese Richtlinien zum Schutz der pers\u00f6nlichen Kundendaten werden von Zeit zu Zeit aktualisieren. Deshalb sollten diese Richtlinien gelegentlich angesehen werden, um auf dem Laufenden dar\u00fcber zu bleiben, wie kundenbezogene Daten gesch\u00fctzt werden und der Inhalt dieser Website stetig verbessert wird. Sollte eine wesentliche \u00c4nderung bei der Sammlung, der Nutzung und\/oder der Weitergabe der durch den Kunden zur Verf\u00fcgung gestellten personenbezogenen Daten vorgenommen werden, werden die Besucher der Internetseite durch einen eindeutigen und gut sichtbaren Hinweis auf der Internetseite darauf aufmerksam gemacht. Mit der Nutzung der Internetseite erkl\u00e4rt sich der Kunde mit den Bedingungen dieser Richtlinien zum Schutz pers\u00f6nlicher Daten einverstanden. Sie k\u00f6nnen diese Einwilligung jederzeit durch formlose Mitteilung an den Verantwortlichen widerrufen.<\/p>\n<p>Bei Fragen zu diesen Datenschutzbestimmungen wenden Sie sich bitte \u00fcber unsere Kontakt-Seite an uns.<\/p>\n","protected":false},"excerpt":{"rendered":"<p>Der Schutz und die Sicherheit von pers\u00f6nlichen Daten hat bei uns h\u00f6chste Priorit\u00e4t. Daher halten wir, MHS Maschinenhandel S\u00fcd-Bayern GmbH, vertreten durch den Gesch\u00e4ftsf\u00fchrer Peter Schulte, Am Schwedenkreuz 7, 87534 Oberstaufen &#8211; Steibis, uns strikt an das Bundesdatenschutzgesetz (BDSG) sowie an das Telemediengesetz (TMG). Nachfolgend informieren wir Sie dar\u00fcber, welche Art von Daten erfasst und [&hellip;]<\/p>\n","protected":false},"author":1,"featured_media":29,"parent":0,"menu_order":0,"comment_status":"closed","ping_status":"closed","template":"","meta":{"footnotes":""},"yoast_head":"<!-- This site is optimized with the Yoast SEO plugin v20.13 - https:\/\/yoast.com\/wordpress\/plugins\/seo\/ -->\n<title>Privacy Policy - MHS Maschinenhandel S\u00fcd Bayern GmbH<\/title>\n<meta name=\"robots\" content=\"index, follow, max-snippet:-1, max-image-preview:large, max-video-preview:-1\" \/>\n<link rel=\"canonical\" href=\"https:\/\/www.mhs-bayern.de\/datenschutz\/\" \/>\n<meta property=\"og:locale\" content=\"en_US\" \/>\n<meta property=\"og:type\" content=\"article\" \/>\n<meta property=\"og:title\" content=\"Privacy Policy - MHS Maschinenhandel S\u00fcd Bayern GmbH\" \/>\n<meta property=\"og:description\" content=\"Der Schutz und die Sicherheit von pers\u00f6nlichen Daten hat bei uns h\u00f6chste Priorit\u00e4t. Daher halten wir, MHS Maschinenhandel S\u00fcd-Bayern GmbH, vertreten durch den Gesch\u00e4ftsf\u00fchrer Peter Schulte, Am Schwedenkreuz 7, 87534 Oberstaufen &#8211; Steibis, uns strikt an das Bundesdatenschutzgesetz (BDSG) sowie an das Telemediengesetz (TMG). Nachfolgend informieren wir Sie dar\u00fcber, welche Art von Daten erfasst und [&hellip;]\" \/>\n<meta property=\"og:url\" content=\"https:\/\/www.mhs-bayern.de\/datenschutz\/\" \/>\n<meta property=\"og:site_name\" content=\"MHS Maschinenhandel S\u00fcd Bayern GmbH\" \/>\n<meta property=\"article:modified_time\" content=\"2017-05-17T09:53:28+00:00\" \/>\n<meta property=\"og:image\" content=\"https:\/\/www.mhs-bayern.de\/wp-content\/uploads\/2016\/06\/banner.jpg\" \/>\n\t<meta property=\"og:image:width\" content=\"1900\" \/>\n\t<meta property=\"og:image:height\" content=\"93\" \/>\n\t<meta property=\"og:image:type\" content=\"image\/jpeg\" \/>\n<meta name=\"twitter:card\" content=\"summary_large_image\" \/>\n<meta name=\"twitter:label1\" content=\"Est. reading time\" \/>\n\t<meta name=\"twitter:data1\" content=\"7 minutes\" \/>\n<script type=\"application\/ld+json\" class=\"yoast-schema-graph\">{\"@context\":\"https:\/\/schema.org\",\"@graph\":[{\"@type\":\"WebPage\",\"@id\":\"https:\/\/www.mhs-bayern.de\/datenschutz\/\",\"url\":\"https:\/\/www.mhs-bayern.de\/datenschutz\/\",\"name\":\"Privacy Policy - MHS Maschinenhandel S\u00fcd Bayern GmbH\",\"isPartOf\":{\"@id\":\"https:\/\/www.mhs-bayern.de\/#website\"},\"datePublished\":\"2016-06-28T14:10:29+00:00\",\"dateModified\":\"2017-05-17T09:53:28+00:00\",\"breadcrumb\":{\"@id\":\"https:\/\/www.mhs-bayern.de\/datenschutz\/#breadcrumb\"},\"inLanguage\":\"en-US\",\"potentialAction\":[{\"@type\":\"ReadAction\",\"target\":[\"https:\/\/www.mhs-bayern.de\/datenschutz\/\"]}]},{\"@type\":\"BreadcrumbList\",\"@id\":\"https:\/\/www.mhs-bayern.de\/datenschutz\/#breadcrumb\",\"itemListElement\":[{\"@type\":\"ListItem\",\"position\":1,\"name\":\"Startseite\",\"item\":\"https:\/\/www.mhs-bayern.de\/\"},{\"@type\":\"ListItem\",\"position\":2,\"name\":\"Privacy Policy\"}]},{\"@type\":\"WebSite\",\"@id\":\"https:\/\/www.mhs-bayern.de\/#website\",\"url\":\"https:\/\/www.mhs-bayern.de\/\",\"name\":\"MHS Maschinenhandel S\u00fcd Bayern GmbH\",\"description\":\"An- und Verkauf gebrauchter Maschinen\",\"potentialAction\":[{\"@type\":\"SearchAction\",\"target\":{\"@type\":\"EntryPoint\",\"urlTemplate\":\"https:\/\/www.mhs-bayern.de\/?s={search_term_string}\"},\"query-input\":\"required name=search_term_string\"}],\"inLanguage\":\"en-US\"}]}<\/script>\n<!-- \/ Yoast SEO plugin. -->","yoast_head_json":{"title":"Privacy Policy - MHS Maschinenhandel S\u00fcd Bayern GmbH","robots":{"index":"index","follow":"follow","max-snippet":"max-snippet:-1","max-image-preview":"max-image-preview:large","max-video-preview":"max-video-preview:-1"},"canonical":"https:\/\/www.mhs-bayern.de\/datenschutz\/","og_locale":"en_US","og_type":"article","og_title":"Privacy Policy - MHS Maschinenhandel S\u00fcd Bayern GmbH","og_description":"Der Schutz und die Sicherheit von pers\u00f6nlichen Daten hat bei uns h\u00f6chste Priorit\u00e4t. Daher halten wir, MHS Maschinenhandel S\u00fcd-Bayern GmbH, vertreten durch den Gesch\u00e4ftsf\u00fchrer Peter Schulte, Am Schwedenkreuz 7, 87534 Oberstaufen &#8211; Steibis, uns strikt an das Bundesdatenschutzgesetz (BDSG) sowie an das Telemediengesetz (TMG). Nachfolgend informieren wir Sie dar\u00fcber, welche Art von Daten erfasst und [&hellip;]","og_url":"https:\/\/www.mhs-bayern.de\/datenschutz\/","og_site_name":"MHS Maschinenhandel S\u00fcd Bayern GmbH","article_modified_time":"2017-05-17T09:53:28+00:00","og_image":[{"width":1900,"height":93,"url":"https:\/\/www.mhs-bayern.de\/wp-content\/uploads\/2016\/06\/banner.jpg","type":"image\/jpeg"}],"twitter_card":"summary_large_image","twitter_misc":{"Est. reading time":"7 minutes"},"schema":{"@context":"https:\/\/schema.org","@graph":[{"@type":"WebPage","@id":"https:\/\/www.mhs-bayern.de\/datenschutz\/","url":"https:\/\/www.mhs-bayern.de\/datenschutz\/","name":"Privacy Policy - MHS Maschinenhandel S\u00fcd Bayern GmbH","isPartOf":{"@id":"https:\/\/www.mhs-bayern.de\/#website"},"datePublished":"2016-06-28T14:10:29+00:00","dateModified":"2017-05-17T09:53:28+00:00","breadcrumb":{"@id":"https:\/\/www.mhs-bayern.de\/datenschutz\/#breadcrumb"},"inLanguage":"en-US","potentialAction":[{"@type":"ReadAction","target":["https:\/\/www.mhs-bayern.de\/datenschutz\/"]}]},{"@type":"BreadcrumbList","@id":"https:\/\/www.mhs-bayern.de\/datenschutz\/#breadcrumb","itemListElement":[{"@type":"ListItem","position":1,"name":"Startseite","item":"https:\/\/www.mhs-bayern.de\/"},{"@type":"ListItem","position":2,"name":"Privacy Policy"}]},{"@type":"WebSite","@id":"https:\/\/www.mhs-bayern.de\/#website","url":"https:\/\/www.mhs-bayern.de\/","name":"MHS Maschinenhandel S\u00fcd Bayern GmbH","description":"An- und Verkauf gebrauchter Maschinen","potentialAction":[{"@type":"SearchAction","target":{"@type":"EntryPoint","urlTemplate":"https:\/\/www.mhs-bayern.de\/?s={search_term_string}"},"query-input":"required name=search_term_string"}],"inLanguage":"en-US"}]}},"_links":{"self":[{"href":"https:\/\/www.mhs-bayern.de\/en\/wp-json\/wp\/v2\/pages\/103"}],"collection":[{"href":"https:\/\/www.mhs-bayern.de\/en\/wp-json\/wp\/v2\/pages"}],"about":[{"href":"https:\/\/www.mhs-bayern.de\/en\/wp-json\/wp\/v2\/types\/page"}],"author":[{"embeddable":true,"href":"https:\/\/www.mhs-bayern.de\/en\/wp-json\/wp\/v2\/users\/1"}],"replies":[{"embeddable":true,"href":"https:\/\/www.mhs-bayern.de\/en\/wp-json\/wp\/v2\/comments?post=103"}],"version-history":[{"count":3,"href":"https:\/\/www.mhs-bayern.de\/en\/wp-json\/wp\/v2\/pages\/103\/revisions"}],"predecessor-version":[{"id":175,"href":"https:\/\/www.mhs-bayern.de\/en\/wp-json\/wp\/v2\/pages\/103\/revisions\/175"}],"wp:featuredmedia":[{"embeddable":true,"href":"https:\/\/www.mhs-bayern.de\/en\/wp-json\/wp\/v2\/media\/29"}],"wp:attachment":[{"href":"https:\/\/www.mhs-bayern.de\/en\/wp-json\/wp\/v2\/media?parent=103"}],"curies":[{"name":"wp","href":"https:\/\/api.w.org\/{rel}","templated":true}]}}