{"id":104,"date":"2016-06-28T14:10:35","date_gmt":"2016-06-28T14:10:35","guid":{"rendered":"http:\/\/neuentwicklung.mhs-bayern.de\/en\/?page_id=104"},"modified":"2017-05-17T09:52:48","modified_gmt":"2017-05-17T09:52:48","slug":"imprint","status":"publish","type":"page","link":"https:\/\/www.mhs-bayern.de\/en\/imprint\/","title":{"rendered":"Imprint"},"content":{"rendered":"<h2>Angaben gem\u00e4\u00df \u00a7 5 TMG:<\/h2>\n<p><strong>MHS Maschinenhandel S\u00fcd-Bayern GmbH<br \/>\n<\/strong>Gesch\u00e4ftsf\u00fchrer: Peter Schulte<br \/>\nAm Schwedenkreuz 7<br \/>\nD-87534 Oberstaufen &#8211; Steibis<br \/>\nRegistergericht: Amtsgericht Kempten<br \/>\nRegister Nr.: HRB 10480<br \/>\nUst-IdNr.: DE 268981801<\/p>\n<p>Kontakt:<br \/>\nTelefon: +49 (0) 8386 \/ 939 10 85<br \/>\nTelefax: +49 (0) 8386 \/ 962 88 47<br \/>\nE-Mail: info@mhs-bayern.de<br \/>\nInternet: www.mhs-bayern.de\t<\/p>\n<h2>Haftungsausschluss:<\/h2>\n<p><strong>Haftung f\u00fcr Inhalte:<br \/>\n<\/strong>Alle Inhalte dieser Internetseite werden mit der h\u00f6chsten Sorgfalt erstellt, jedoch k\u00f6nnen wir f\u00fcr die Richtigkeit, Vollst\u00e4ndigkeit und Aktualit\u00e4t der Inhalte keine Gew\u00e4hr \u00fcbernehmen. Alle auf unserer Internetseite vorhandenen Angebote sind demnach freibleibend und unverbindlich. Dar\u00fcber hinaus behalten wir uns vor, Teile der Internetseite oder auch das gesamte Angebot ohne vorherige Ank\u00fcndigung jederzeit zu ver\u00e4ndern, zu erg\u00e4nzen, zu l\u00f6schen oder die Ver\u00f6ffentlichung einzustellen.<br \/>\nWir sind gem\u00e4\u00df \u00a7 7 Abs. 1 TMG f\u00fcr eigene Inhalte auf dieser Website verantwortlich. Wir sind als Dienstanbieter jedoch nicht verpflichtet, \u00fcbermittelte oder gespeicherte fremde Informationen zu \u00fcberwachen oder nach Umst\u00e4nden zu forschen, die auf eine rechtswidrige T\u00e4tigkeit hinweisen; vgl. hierzu \u00a7\u00a7 8 \u2013 10 TMG. Verpflichtungen zur Entfernung oder Sperrung der Nutzung von Informationen  bleiben hiervon unber\u00fchrt. Eine Haftung unsererseits ist jedoch erst ab dem Zeitpunkt der Kenntnis der entsprechenden Rechtsverletzung und bei nachweislich vors\u00e4tzlichem oder grob fahrl\u00e4ssigem Verschulden m\u00f6glich. Ansonsten ist eine Haftung, bezogen auf Sch\u00e4den materieller oder ideeller Art, die durch die Nutzung oder Nichtnutzung der auf der Internetseite ver\u00f6ffentlichten Informationen oder durch die Nutzung fehlerhafter oder unvollst\u00e4ndiger Informationen verursacht wurden, ausgeschlossen. Bei Bekanntwerden entsprechender Rechtsverletzungen werden diese Inhalte umgehend entfernt. <\/p>\n<p><strong>Haftung f\u00fcr Links:<br \/>\n<\/strong>Diese Internetseite enth\u00e4lt Links zu externen Internetseiten Dritter, auf deren Inhalt wir keinen Einfluss haben. Aus diesem Grund k\u00f6nnen wir auch keine Gew\u00e4hr f\u00fcr entsprechende fremde Inhalte \u00fcbernehmen. Vielmehr ist f\u00fcr diese Inhalte stets der jeweilige Anbieter bzw. Betreiber der Internetseite verantwortlich. Die verlinkten Internetseiten werden durch uns zum Zeitpunkt der Verlinkung auf m\u00f6gliche Rechtsverst\u00f6\u00dfe \u00fcberpr\u00fcft und nur dann verlinkt, wenn f\u00fcr uns keine Rechtsverst\u00f6\u00dfe erkennbar sind. Eine dauerhafte oder wiederholte Pr\u00fcfung erfolgt hingegen nicht und kann aufgrund des enormen Aufwands, den eine kontinuierliche \u00dcberpr\u00fcfung zufolge h\u00e4tte, nicht erwartet werden. Sollten uns Rechtsverletzungen auf verlinkten Internetseiten bekannt werden, werden die entsprechenden Verlinkungen umgehend entfernt.<\/p>\n<p><strong>Urheberrecht:<br \/>\n<\/strong>Die durch uns als Internetseitenbetreiber erstellten Inhalte und Werke auf dieser Internetseite unterliegen den deutschen Urheberrechtsbestimmungen. Jedwede Vervielf\u00e4ltigung, Bearbeitung, Verbreitung und Verwertung au\u00dferhalb der Grenzen des Urheberrechts sind nicht gestattet. Sie bed\u00fcrfen der ausdr\u00fccklichen, schriftlichen Genehmigung durch uns. Downloads und Kopien dieser Internetseite d\u00fcrfen lediglich f\u00fcr private, nicht jedoch f\u00fcr kommerzielle Zwecke genutzt werden. Insofern Inhalte auf dieser Internetseite nicht von uns erstellt wurden, beachten wir die Urheberrechte Dritter und kennzeichnen fremde Werke entsprechend. Wir bitten um Hinweise, falls Sie auf Urheberrechtsverletzungen aufmerksam werden. Wir werden den Sachverhalt pr\u00fcfen und im Fall einer Rechtsverletzung die entsprechenden Inhalte umgehend entfernen.<\/p>\n","protected":false},"excerpt":{"rendered":"<p>Angaben gem\u00e4\u00df \u00a7 5 TMG: MHS Maschinenhandel S\u00fcd-Bayern GmbH Gesch\u00e4ftsf\u00fchrer: Peter Schulte Am Schwedenkreuz 7 D-87534 Oberstaufen &#8211; Steibis Registergericht: Amtsgericht Kempten Register Nr.: HRB 10480 Ust-IdNr.: DE 268981801 Kontakt: Telefon: +49 (0) 8386 \/ 939 10 85 Telefax: +49 (0) 8386 \/ 962 88 47 E-Mail: info@mhs-bayern.de Internet: www.mhs-bayern.de Haftungsausschluss: Haftung f\u00fcr Inhalte: Alle [&hellip;]<\/p>\n","protected":false},"author":1,"featured_media":29,"parent":0,"menu_order":0,"comment_status":"closed","ping_status":"closed","template":"","meta":{"footnotes":""},"yoast_head":"<!-- This site is optimized with the Yoast SEO plugin v20.13 - https:\/\/yoast.com\/wordpress\/plugins\/seo\/ -->\n<title>Imprint - MHS Maschinenhandel S\u00fcd Bayern GmbH<\/title>\n<meta name=\"robots\" content=\"index, follow, max-snippet:-1, max-image-preview:large, max-video-preview:-1\" \/>\n<link rel=\"canonical\" href=\"https:\/\/www.mhs-bayern.de\/impressum\/\" \/>\n<meta property=\"og:locale\" content=\"en_US\" \/>\n<meta property=\"og:type\" content=\"article\" \/>\n<meta property=\"og:title\" content=\"Imprint - MHS Maschinenhandel S\u00fcd Bayern GmbH\" \/>\n<meta property=\"og:description\" content=\"Angaben gem\u00e4\u00df \u00a7 5 TMG: MHS Maschinenhandel S\u00fcd-Bayern GmbH Gesch\u00e4ftsf\u00fchrer: Peter Schulte Am Schwedenkreuz 7 D-87534 Oberstaufen &#8211; Steibis Registergericht: Amtsgericht Kempten Register Nr.: HRB 10480 Ust-IdNr.: DE 268981801 Kontakt: Telefon: +49 (0) 8386 \/ 939 10 85 Telefax: +49 (0) 8386 \/ 962 88 47 E-Mail: info@mhs-bayern.de Internet: www.mhs-bayern.de Haftungsausschluss: Haftung f\u00fcr Inhalte: Alle [&hellip;]\" \/>\n<meta property=\"og:url\" content=\"https:\/\/www.mhs-bayern.de\/impressum\/\" \/>\n<meta property=\"og:site_name\" content=\"MHS Maschinenhandel S\u00fcd Bayern GmbH\" \/>\n<meta property=\"article:modified_time\" content=\"2017-05-17T09:52:48+00:00\" \/>\n<meta property=\"og:image\" content=\"https:\/\/www.mhs-bayern.de\/wp-content\/uploads\/2016\/06\/banner.jpg\" \/>\n\t<meta property=\"og:image:width\" content=\"1900\" \/>\n\t<meta property=\"og:image:height\" content=\"93\" \/>\n\t<meta property=\"og:image:type\" content=\"image\/jpeg\" \/>\n<meta name=\"twitter:card\" content=\"summary_large_image\" \/>\n<meta name=\"twitter:label1\" content=\"Est. reading time\" \/>\n\t<meta name=\"twitter:data1\" content=\"2 minutes\" \/>\n<script type=\"application\/ld+json\" class=\"yoast-schema-graph\">{\"@context\":\"https:\/\/schema.org\",\"@graph\":[{\"@type\":\"WebPage\",\"@id\":\"https:\/\/www.mhs-bayern.de\/impressum\/\",\"url\":\"https:\/\/www.mhs-bayern.de\/impressum\/\",\"name\":\"Imprint - MHS Maschinenhandel S\u00fcd Bayern GmbH\",\"isPartOf\":{\"@id\":\"https:\/\/www.mhs-bayern.de\/#website\"},\"datePublished\":\"2016-06-28T14:10:35+00:00\",\"dateModified\":\"2017-05-17T09:52:48+00:00\",\"breadcrumb\":{\"@id\":\"https:\/\/www.mhs-bayern.de\/impressum\/#breadcrumb\"},\"inLanguage\":\"en-US\",\"potentialAction\":[{\"@type\":\"ReadAction\",\"target\":[\"https:\/\/www.mhs-bayern.de\/impressum\/\"]}]},{\"@type\":\"BreadcrumbList\",\"@id\":\"https:\/\/www.mhs-bayern.de\/impressum\/#breadcrumb\",\"itemListElement\":[{\"@type\":\"ListItem\",\"position\":1,\"name\":\"Startseite\",\"item\":\"https:\/\/www.mhs-bayern.de\/\"},{\"@type\":\"ListItem\",\"position\":2,\"name\":\"Imprint\"}]},{\"@type\":\"WebSite\",\"@id\":\"https:\/\/www.mhs-bayern.de\/#website\",\"url\":\"https:\/\/www.mhs-bayern.de\/\",\"name\":\"MHS Maschinenhandel S\u00fcd Bayern GmbH\",\"description\":\"An- und Verkauf gebrauchter Maschinen\",\"potentialAction\":[{\"@type\":\"SearchAction\",\"target\":{\"@type\":\"EntryPoint\",\"urlTemplate\":\"https:\/\/www.mhs-bayern.de\/?s={search_term_string}\"},\"query-input\":\"required name=search_term_string\"}],\"inLanguage\":\"en-US\"}]}<\/script>\n<!-- \/ Yoast SEO plugin. -->","yoast_head_json":{"title":"Imprint - MHS Maschinenhandel S\u00fcd Bayern GmbH","robots":{"index":"index","follow":"follow","max-snippet":"max-snippet:-1","max-image-preview":"max-image-preview:large","max-video-preview":"max-video-preview:-1"},"canonical":"https:\/\/www.mhs-bayern.de\/impressum\/","og_locale":"en_US","og_type":"article","og_title":"Imprint - MHS Maschinenhandel S\u00fcd Bayern GmbH","og_description":"Angaben gem\u00e4\u00df \u00a7 5 TMG: MHS Maschinenhandel S\u00fcd-Bayern GmbH Gesch\u00e4ftsf\u00fchrer: Peter Schulte Am Schwedenkreuz 7 D-87534 Oberstaufen &#8211; Steibis Registergericht: Amtsgericht Kempten Register Nr.: HRB 10480 Ust-IdNr.: DE 268981801 Kontakt: Telefon: +49 (0) 8386 \/ 939 10 85 Telefax: +49 (0) 8386 \/ 962 88 47 E-Mail: info@mhs-bayern.de Internet: www.mhs-bayern.de Haftungsausschluss: Haftung f\u00fcr Inhalte: Alle [&hellip;]","og_url":"https:\/\/www.mhs-bayern.de\/impressum\/","og_site_name":"MHS Maschinenhandel S\u00fcd Bayern GmbH","article_modified_time":"2017-05-17T09:52:48+00:00","og_image":[{"width":1900,"height":93,"url":"https:\/\/www.mhs-bayern.de\/wp-content\/uploads\/2016\/06\/banner.jpg","type":"image\/jpeg"}],"twitter_card":"summary_large_image","twitter_misc":{"Est. reading time":"2 minutes"},"schema":{"@context":"https:\/\/schema.org","@graph":[{"@type":"WebPage","@id":"https:\/\/www.mhs-bayern.de\/impressum\/","url":"https:\/\/www.mhs-bayern.de\/impressum\/","name":"Imprint - MHS Maschinenhandel S\u00fcd Bayern GmbH","isPartOf":{"@id":"https:\/\/www.mhs-bayern.de\/#website"},"datePublished":"2016-06-28T14:10:35+00:00","dateModified":"2017-05-17T09:52:48+00:00","breadcrumb":{"@id":"https:\/\/www.mhs-bayern.de\/impressum\/#breadcrumb"},"inLanguage":"en-US","potentialAction":[{"@type":"ReadAction","target":["https:\/\/www.mhs-bayern.de\/impressum\/"]}]},{"@type":"BreadcrumbList","@id":"https:\/\/www.mhs-bayern.de\/impressum\/#breadcrumb","itemListElement":[{"@type":"ListItem","position":1,"name":"Startseite","item":"https:\/\/www.mhs-bayern.de\/"},{"@type":"ListItem","position":2,"name":"Imprint"}]},{"@type":"WebSite","@id":"https:\/\/www.mhs-bayern.de\/#website","url":"https:\/\/www.mhs-bayern.de\/","name":"MHS Maschinenhandel S\u00fcd Bayern GmbH","description":"An- und Verkauf gebrauchter Maschinen","potentialAction":[{"@type":"SearchAction","target":{"@type":"EntryPoint","urlTemplate":"https:\/\/www.mhs-bayern.de\/?s={search_term_string}"},"query-input":"required name=search_term_string"}],"inLanguage":"en-US"}]}},"_links":{"self":[{"href":"https:\/\/www.mhs-bayern.de\/en\/wp-json\/wp\/v2\/pages\/104"}],"collection":[{"href":"https:\/\/www.mhs-bayern.de\/en\/wp-json\/wp\/v2\/pages"}],"about":[{"href":"https:\/\/www.mhs-bayern.de\/en\/wp-json\/wp\/v2\/types\/page"}],"author":[{"embeddable":true,"href":"https:\/\/www.mhs-bayern.de\/en\/wp-json\/wp\/v2\/users\/1"}],"replies":[{"embeddable":true,"href":"https:\/\/www.mhs-bayern.de\/en\/wp-json\/wp\/v2\/comments?post=104"}],"version-history":[{"count":2,"href":"https:\/\/www.mhs-bayern.de\/en\/wp-json\/wp\/v2\/pages\/104\/revisions"}],"predecessor-version":[{"id":174,"href":"https:\/\/www.mhs-bayern.de\/en\/wp-json\/wp\/v2\/pages\/104\/revisions\/174"}],"wp:featuredmedia":[{"embeddable":true,"href":"https:\/\/www.mhs-bayern.de\/en\/wp-json\/wp\/v2\/media\/29"}],"wp:attachment":[{"href":"https:\/\/www.mhs-bayern.de\/en\/wp-json\/wp\/v2\/media?parent=104"}],"curies":[{"name":"wp","href":"https:\/\/api.w.org\/{rel}","templated":true}]}}